{"id":1053,"date":"2019-12-19T00:00:00","date_gmt":"2019-12-19T03:00:00","guid":{"rendered":"https:\/\/ifd4-nqn.infd.edu.ar\/sitio\/profesorado-en-discapacidad-intelectual\/"},"modified":"2023-02-08T11:28:46","modified_gmt":"2023-02-08T14:28:46","slug":"profesorado-en-discapacidad-intelectual","status":"publish","type":"page","link":"https:\/\/ifd4-nqn.infd.edu.ar\/sitio\/profesorado-en-discapacidad-intelectual\/","title":{"rendered":"Profesorado de educaci\u00f3n especial con orientaci\u00f3n en Discapacidad Intelectual"},"content":{"rendered":"\n<div class=\"wp-block-file\"><object class=\"wp-block-file__embed\" data=\"https:\/\/ifd4-nqn.infd.edu.ar\/sitio\/wp-content\/uploads\/2023\/02\/Plan-670.pdf\" type=\"application\/pdf\" style=\"width:100%;height:600px\" aria-label=\"Incrustado de Plan-670.\"><\/object><a id=\"wp-block-file--media-6b0150d2-4156-4fde-8149-fe9d34654dde\" href=\"https:\/\/ifd4-nqn.infd.edu.ar\/sitio\/wp-content\/uploads\/2023\/02\/Plan-670.pdf\">Plan-670<\/a><a href=\"https:\/\/ifd4-nqn.infd.edu.ar\/sitio\/wp-content\/uploads\/2023\/02\/Plan-670.pdf\" class=\"wp-block-file__button wp-element-button\" download aria-describedby=\"wp-block-file--media-6b0150d2-4156-4fde-8149-fe9d34654dde\">Descarga<\/a><\/div>\n\n\n\n<div class=\"wp-block-media-text alignwide is-stacked-on-mobile is-vertically-aligned-top\"><figure class=\"wp-block-media-text__media\"><img decoding=\"async\" loading=\"lazy\" width=\"630\" height=\"300\" src=\"https:\/\/ifd4-nqn.infd.edu.ar\/sitio\/wp-content\/uploads\/2021\/10\/ninos-discapacidad-p-e1469526900326.jpg\" alt=\"\" class=\"wp-image-1539 size-full\"\/><\/figure><div class=\"wp-block-media-text__content\">\n<p><strong>PROFESORADO PARA LA EDUCACI\u00d3N ESPECIAL<\/strong><\/p>\n\n\n\n<p><strong>Orientaci\u00f3n- DISCAPACIDAD INTELECTUAL.<\/strong><\/p>\n\n\n\n<h3 class=\"wp-block-heading\">T\u00edtulo:&nbsp;Profesor de Educaci\u00f3n Especial- Orientaci\u00f3n- Discapacidad Intelectual.<\/h3>\n\n\n\n<p><strong>Nivel de la Carrera:&nbsp;<\/strong>Carrera de Grado.<\/p>\n\n\n\n<p><strong>Modalidad de cursado<\/strong>:&nbsp;Presencial.<\/p>\n\n\n\n<h2 class=\"wp-block-heading\"><em>REQUISITOS DE INGRESO A LA&nbsp;CARRERA<\/em><\/h2>\n\n\n\n<p>Podr\u00e1n ingresar a la carrera todas aquellas personas que:<\/p>\n\n\n\n<p>\u00a7&nbsp;&nbsp;&nbsp;&nbsp;&nbsp;&nbsp;&nbsp;&nbsp;&nbsp;&nbsp;&nbsp;&nbsp;&nbsp;&nbsp;&nbsp;&nbsp;&nbsp;&nbsp;&nbsp;&nbsp;Acrediten haber finalizado y aprobado el nivel medio o polimodal de formaci\u00f3n acad\u00e9mica.<\/p>\n\n\n\n<p>\u00a7&nbsp;&nbsp;&nbsp;&nbsp;&nbsp;&nbsp;&nbsp;&nbsp;&nbsp;&nbsp;&nbsp;&nbsp;&nbsp;&nbsp;&nbsp;&nbsp;&nbsp;&nbsp;&nbsp;&nbsp;Profesionales egresados de otras carreras docentes afines en cuyo caso deber\u00e1n analizarse las equivalencias.<\/p>\n\n\n\n<p>\u00a7&nbsp;&nbsp;&nbsp;&nbsp;&nbsp;&nbsp;&nbsp;&nbsp;&nbsp;&nbsp;&nbsp;&nbsp;&nbsp;&nbsp;&nbsp;&nbsp;&nbsp;&nbsp;&nbsp;&nbsp;Cumplir con las condiciones establecidas por el Consejo Provincial de Educaci\u00f3n para el ingreso a los estudios de Educaci\u00f3n Superior.<\/p>\n\n\n\n<p><strong><em>ALCANCES DEL TITULO<\/em><\/strong><\/p>\n\n\n\n<p><strong>&nbsp;<\/strong>El egresado de este profesorado habr\u00e1 desarrollado competencias para:<\/p>\n\n\n\n<p>\u00a7&nbsp;&nbsp;Participar en equipos interdisciplinarios y en organizaciones comunitarias&nbsp;vinculadas a la promoci\u00f3n de las personas con discapacidad intelectual.<\/p>\n\n\n\n<p>&nbsp;\u00a7&nbsp;&nbsp;&nbsp;Planificar y evaluar procesos de ense\u00f1anza y de aprendizaje para la educaci\u00f3n de la persona con discapacidad intelectual,&nbsp;&nbsp;en el nivel inicial, primario y terciario, formal e informal, tanto oficial como privado, dentro de la jurisdicci\u00f3n provincial y nacional.<\/p>\n\n\n\n<p>\u00a7&nbsp;&nbsp;&nbsp;Integrar los conocimientos adquiridos en los diferentes espacios curriculares, para la elaboraci\u00f3n, fundamentaci\u00f3n, ejecuci\u00f3n y evaluaci\u00f3n de proyectos pedag\u00f3gico \u2013 did\u00e1cticos en diferentes contextos.<\/p>\n\n\n\n<p>\u00a7&nbsp;&nbsp;&nbsp;Participar en equipos educativos que enmarquen desde lo te\u00f3rico \u2013 metodol\u00f3gico&nbsp;&nbsp;los procesos de integraci\u00f3n de los alumnos con discapacidad intelectual.&nbsp;<\/p>\n\n\n\n<p>\u00a7&nbsp;&nbsp;&nbsp;Participar en equipos educativos que aborden los procesos de formaci\u00f3n e integraci\u00f3n socio \u2013 laboral&nbsp;&nbsp;de los alumnos con discapacidad intelectual.<\/p>\n\n\n\n<p>\u00a7&nbsp;&nbsp;&nbsp;Integrar equipos de investigaci\u00f3n sobre tem\u00e1ticas relacionadas con el campo de la Educaci\u00f3n Especial.<\/p>\n\n\n\n<p>&nbsp;<strong><em>CARACTER\u00cdSTICAS DEL EGRESADO<\/em><\/strong><\/p>\n\n\n\n<p>&nbsp;&nbsp;&nbsp;&nbsp;&nbsp;&nbsp;&nbsp;&nbsp;&nbsp;&nbsp;&nbsp;La Educaci\u00f3n&nbsp;Especial desde los nuevos planteamientos, perfila un campo profesional heterog\u00e9neo y diverso; ya no exclusivamente vinculado al \u00e1mbito de las escuelas especiales, sino tambi\u00e9n en los proyectos de formaci\u00f3n laboral o en \u00e1mbito de la educaci\u00f3n no formal. Asimismo los \u00e1mbitos, funciones, contextos y demanda socio \u2013 educativas est\u00e1n continuamente sometidas a revisi\u00f3n y expansi\u00f3n.<\/p>\n<\/div><\/div>\n\n\n\n<p><\/p>\n","protected":false},"excerpt":{"rendered":"<p>PROFESORADO PARA LA EDUCACI\u00d3N ESPECIAL Orientaci\u00f3n- DISCAPACIDAD INTELECTUAL. T\u00edtulo:&nbsp;Profesor de Educaci\u00f3n Especial- Orientaci\u00f3n- Discapacidad Intelectual. Nivel de la Carrera:&nbsp;Carrera de Grado. Modalidad de cursado:&nbsp;Presencial. REQUISITOS DE INGRESO A LA&nbsp;CARRERA Podr\u00e1n ingresar a la carrera todas aquellas personas que: \u00a7&nbsp;&nbsp;&nbsp;&nbsp;&nbsp;&nbsp;&nbsp;&nbsp;&nbsp;&nbsp;&nbsp;&nbsp;&nbsp;&nbsp;&nbsp;&nbsp;&nbsp;&nbsp;&nbsp;&nbsp;Acrediten haber finalizado y aprobado el nivel medio o polimodal de formaci\u00f3n acad\u00e9mica. \u00a7&nbsp;&nbsp;&nbsp;&nbsp;&nbsp;&nbsp;&nbsp;&nbsp;&nbsp;&nbsp;&nbsp;&nbsp;&nbsp;&nbsp;&nbsp;&nbsp;&nbsp;&nbsp;&nbsp;&nbsp;Profesionales egresados de otras &#8230; <a title=\"Profesorado de educaci\u00f3n especial con orientaci\u00f3n en Discapacidad Intelectual\" class=\"read-more\" href=\"https:\/\/ifd4-nqn.infd.edu.ar\/sitio\/profesorado-en-discapacidad-intelectual\/\" aria-label=\"More on Profesorado de educaci\u00f3n especial con orientaci\u00f3n en Discapacidad Intelectual\">[+]<\/a><\/p>\n","protected":false},"author":205,"featured_media":0,"parent":0,"menu_order":0,"comment_status":"closed","ping_status":"closed","template":"","meta":[],"acf":[],"_links":{"self":[{"href":"https:\/\/ifd4-nqn.infd.edu.ar\/sitio\/wp-json\/wp\/v2\/pages\/1053"}],"collection":[{"href":"https:\/\/ifd4-nqn.infd.edu.ar\/sitio\/wp-json\/wp\/v2\/pages"}],"about":[{"href":"https:\/\/ifd4-nqn.infd.edu.ar\/sitio\/wp-json\/wp\/v2\/types\/page"}],"author":[{"embeddable":true,"href":"https:\/\/ifd4-nqn.infd.edu.ar\/sitio\/wp-json\/wp\/v2\/users\/205"}],"replies":[{"embeddable":true,"href":"https:\/\/ifd4-nqn.infd.edu.ar\/sitio\/wp-json\/wp\/v2\/comments?post=1053"}],"version-history":[{"count":8,"href":"https:\/\/ifd4-nqn.infd.edu.ar\/sitio\/wp-json\/wp\/v2\/pages\/1053\/revisions"}],"predecessor-version":[{"id":1970,"href":"https:\/\/ifd4-nqn.infd.edu.ar\/sitio\/wp-json\/wp\/v2\/pages\/1053\/revisions\/1970"}],"wp:attachment":[{"href":"https:\/\/ifd4-nqn.infd.edu.ar\/sitio\/wp-json\/wp\/v2\/media?parent=1053"}],"curies":[{"name":"wp","href":"https:\/\/api.w.org\/{rel}","templated":true}]}}