{"id":1116,"date":"2019-02-21T21:50:07","date_gmt":"2019-02-22T00:50:07","guid":{"rendered":"https:\/\/ifd4-nqn.infd.edu.ar\/sitio\/datos-institucionales\/"},"modified":"2025-10-02T15:32:07","modified_gmt":"2025-10-02T18:32:07","slug":"contacto","status":"publish","type":"page","link":"https:\/\/ifd4-nqn.infd.edu.ar\/sitio\/el-instituto\/contacto\/","title":{"rendered":"Contacto"},"content":{"rendered":"<blockquote>\n<h5><strong><em>Direcci\u00f3n<\/em><\/strong><em>: \u00a0Perito Moreno N\u00b0 354 &#8211; Neuqu\u00e9n <\/em><\/h5>\n<h5><strong><em>Tel\u00e9fonos: <\/em><\/strong><em>\u00a0<\/em><\/h5>\n<h5><em>Secretar\u00eda (0299) <\/em>4470266<\/h5>\n<p><em><strong>Bedel\u00eda &#8211; Preceptor\u00eda <\/strong><\/em><strong>(0299) 4422872<\/strong><\/p>\n<h5><strong><em>Horarios de atenci\u00f3n<\/em><\/strong><em>: \u00a0De Lunes a Viernes de 8,00 hs\u00a0 a 23 hs. <\/em><\/h5>\n<h5><strong><em>E-mail de consultas<\/em><\/strong><em>: \u00a0<a href=\"mailto:ifd4@hotmail.com\">isfd4nqn@gmail.com<\/a> <\/em><\/h5>\n<h5><strong><em>Facebook: <\/em><\/strong><em>IFD 4 Neuqu\u00e9n<\/em><\/h5>\n<p><strong>Instagram: ifd4nqn<\/strong><\/p>\n<p><strong><em>URL<\/em><\/strong><em>: \u00a0<a href=\"http:\/\/ifd4.nqn.infd.edu.ar\">http:\/\/ifd4.nqn.infd.edu.ar<\/a><\/em><\/p><\/blockquote>\n","protected":false},"excerpt":{"rendered":"<p>Direcci\u00f3n: \u00a0Perito Moreno N\u00b0 354 &#8211; Neuqu\u00e9n Tel\u00e9fonos: \u00a0 Secretar\u00eda (0299) 4470266 Bedel\u00eda &#8211; Preceptor\u00eda (0299) 4422872 Horarios de atenci\u00f3n: \u00a0De Lunes a Viernes de 8,00 hs\u00a0 a 23 hs. E-mail de consultas: \u00a0isfd4nqn@gmail.com Facebook: IFD 4 Neuqu\u00e9n Instagram: ifd4nqn URL: \u00a0http:\/\/ifd4.nqn.infd.edu.ar<\/p>\n","protected":false},"author":480,"featured_media":0,"parent":1051,"menu_order":0,"comment_status":"closed","ping_status":"closed","template":"","meta":[],"acf":[],"_links":{"self":[{"href":"https:\/\/ifd4-nqn.infd.edu.ar\/sitio\/wp-json\/wp\/v2\/pages\/1116"}],"collection":[{"href":"https:\/\/ifd4-nqn.infd.edu.ar\/sitio\/wp-json\/wp\/v2\/pages"}],"about":[{"href":"https:\/\/ifd4-nqn.infd.edu.ar\/sitio\/wp-json\/wp\/v2\/types\/page"}],"author":[{"embeddable":true,"href":"https:\/\/ifd4-nqn.infd.edu.ar\/sitio\/wp-json\/wp\/v2\/users\/480"}],"replies":[{"embeddable":true,"href":"https:\/\/ifd4-nqn.infd.edu.ar\/sitio\/wp-json\/wp\/v2\/comments?post=1116"}],"version-history":[{"count":17,"href":"https:\/\/ifd4-nqn.infd.edu.ar\/sitio\/wp-json\/wp\/v2\/pages\/1116\/revisions"}],"predecessor-version":[{"id":1940,"href":"https:\/\/ifd4-nqn.infd.edu.ar\/sitio\/wp-json\/wp\/v2\/pages\/1116\/revisions\/1940"}],"up":[{"embeddable":true,"href":"https:\/\/ifd4-nqn.infd.edu.ar\/sitio\/wp-json\/wp\/v2\/pages\/1051"}],"wp:attachment":[{"href":"https:\/\/ifd4-nqn.infd.edu.ar\/sitio\/wp-json\/wp\/v2\/media?parent=1116"}],"curies":[{"name":"wp","href":"https:\/\/api.w.org\/{rel}","templated":true}]}}