{"id":1121,"date":"2019-02-22T03:00:09","date_gmt":"2019-02-22T06:00:09","guid":{"rendered":"https:\/\/ifd4-nqn.infd.edu.ar\/sitio\/historia\/"},"modified":"2024-11-27T15:19:54","modified_gmt":"2024-11-27T18:19:54","slug":"historia","status":"publish","type":"page","link":"https:\/\/ifd4-nqn.infd.edu.ar\/sitio\/historia\/","title":{"rendered":"Historia"},"content":{"rendered":"\n<p><\/p>\n\n\n\n<div class=\"wp-block-media-text alignwide is-stacked-on-mobile is-vertically-aligned-top\"><figure class=\"wp-block-media-text__media\"><img decoding=\"async\" loading=\"lazy\" width=\"907\" height=\"552\" src=\"https:\/\/ifd4-nqn.infd.edu.ar\/sitio\/wp-content\/uploads\/2021\/10\/Frente-ifd.png\" alt=\"\" class=\"wp-image-1577 size-full\" srcset=\"https:\/\/ifd4-nqn.infd.edu.ar\/sitio\/wp-content\/uploads\/2021\/10\/Frente-ifd.png 907w, https:\/\/ifd4-nqn.infd.edu.ar\/sitio\/wp-content\/uploads\/2021\/10\/Frente-ifd-768x467.png 768w\" sizes=\"(max-width: 907px) 100vw, 907px\" \/><\/figure><div class=\"wp-block-media-text__content\">\n<p id=\"block-e526c18c-3027-432a-a5af-d967bf249267\"><strong>As\u00ed comenzamos:<\/strong><\/p>\n\n\n\n<p id=\"block-c111f897-a467-4af2-bb47-7ad9690cea63\">A comienzos del a\u00f1o 1974, seg\u00fan Resoluci\u00f3n del CPE N\u00ba 2158, se acuerda dar un curso de formaci\u00f3n docente para la educaci\u00f3n diferenciada a nivel terciario, sent\u00e1ndose las bases para la creaci\u00f3n en 1975 de una carrera para la formaci\u00f3n docente en Educaci\u00f3n Especial.<\/p>\n\n\n\n<p id=\"block-837f31e1-3bca-4c4b-824c-6a6e2c0e8155\">Posteriormente durante el a\u00f1o 1979 se conforma el&nbsp; Instituto de Formaci\u00f3n Docente N\u00ba 4 de Educaci\u00f3n Especial, con el prop\u00f3sito de formar profesores de Educaci\u00f3n Especial.<\/p>\n\n\n\n<p id=\"block-c118a0ed-9a62-4094-b494-1838b6e05327\">Luego en 1983 se produjeron los primeros cambios curriculares que dieron como resultado la creaci\u00f3n de las siguientes carreras con las mismas caracter\u00edsticas de ingreso y duraci\u00f3n:<\/p>\n\n\n\n<p id=\"block-0e3c4bb6-35b7-4527-ad99-fcc2a77c6077\">\u2022&nbsp;Profesorado para la Educaci\u00f3n Especial- Especialidad: D\u00e9biles Mentales. Plan de Estudios N\u00ba 041<\/p>\n\n\n\n<p id=\"block-0c49c9dc-93bc-45b3-ab8f-6cff75972078\">\u2022 Profesorado para la Educaci\u00f3n Especial- Especialidad: Sordos e Hipoac\u00fasicos. Plan de Estudios N\u00ba 042<\/p>\n\n\n\n<p id=\"block-33df48ed-6dd2-4270-b14f-1e5e2e6200d1\">\u2022 Profesorado para la Educaci\u00f3n Especial- Especialidad: Ciegos y Disminuidos Visuales. Plan de Estudios N\u00ba 043<\/p>\n\n\n\n<p id=\"block-a6fcdd78-494e-4df5-9b45-4c02b4f1ffd6\">\u2022 y posteriormente en el a\u00f1o 1987, se crea el Profesorado para la Educaci\u00f3n Especial- Especialidad: Irregulares Motores.<\/p>\n\n\n\n<p id=\"block-9332c427-23fb-4a57-9938-da62b65ab600\">&nbsp; &nbsp;Plan de Estudios N\u00ba 104.<\/p>\n\n\n\n<p id=\"block-5c3f30f9-7414-4afc-9d59-5c021d5ffb5b\">Durante los a\u00f1os 1997 y 1998 se fueron analizando cuestiones relacionadas con los logros, dificultades, \u00e9xitos y fracasos del desarrollo de los dise\u00f1os curriculares vigentes y sobre estos resultados surge fuertemente, la propuesta de realizar un cambio curricular.<\/p>\n\n\n\n<p id=\"block-0cfdef3a-3c48-4f21-a3e3-db58e9f69d5a\">a) Cambio de paradigma respecto de la concepci\u00f3n de sujeto pedag\u00f3gico: inicialmente la formaci\u00f3n docente en educaci\u00f3n especial estuvo marcada por la impronta normalista, homogeneizadora, donde el sujeto de la educaci\u00f3n especial era considerado como \u201caquel que no puede, que no llega a la norma\u201d. El modelo m\u00e9dico en educaci\u00f3n especial determin\u00f3 un dise\u00f1o curricular que en la actualidad est\u00e1 en crisis con dificultades para dar respuestas a las necesidades educativas de la poblaci\u00f3n actual. El modelo ecol\u00f3gico \u2013 hol\u00edstico cambia substancialmente la mirada incorporando en la escena educativa no solo la concepci\u00f3n neurofisiopsicol\u00f3gica del alumno con discapacidad, sino tambi\u00e9n su relaci\u00f3n vincular con la comunidad en general y con la escuela en particular. Esta&nbsp; nueva mirada conlleva la necesidad de reformular los dise\u00f1os curriculares de este instituto teniendo en cuenta los nuevos supuestos ideol\u00f3gicos, epistemol\u00f3gicos, y metodol\u00f3gicos para la formaci\u00f3n docente en educaci\u00f3n especial.<\/p>\n\n\n\n<p id=\"block-587279ea-c362-4d79-91cd-e10ec8e63335\">b) Las demandas actuales respecto de la capacitaci\u00f3n y perfeccionamiento de los docentes en ejercicio de la provincia de Neuqu\u00e9n, han sido un factor influyente en los cambios de la matr\u00edcula del IFDN\u00ba4 y han impactado tambi\u00e9n en los \u00edndices de retenci\u00f3n y desgranamiento (PEI 1999 A 2005).<\/p>\n\n\n\n<p id=\"block-56b58536-77ad-4c18-bccb-c7621f5b6302\">c) El aumento de la matr\u00edcula en las escuelas de educaci\u00f3n especial es una fuente de requerimientos de nuevos profesionales con una formaci\u00f3n especializada por modalidad para trabajar con alumnos con discapacidad. Asimismo los procesos de integraci\u00f3n \/ inclusi\u00f3n que promueven las leyes nacionales y provinciales necesitan de nuevos perfiles docentes para emprender con \u00e9xito la tarea de brindar una educaci\u00f3n para todos los alumnos.<\/p>\n\n\n\n<p id=\"block-0a6dd7e7-613f-4bc5-9aa2-e2041bd9cb32\">d) El Instituto Nacional de Formaci\u00f3n Docente, de reciente creaci\u00f3n refleja la consideraci\u00f3n de \u201c<em>la formaci\u00f3n docente como una cuesti\u00f3n estrat\u00e9gica de car\u00e1cter nacional para la reforma del sistema educativo<\/em>\u201d. Dentro de las problem\u00e1ticas identificadas como prioritarias a ser atendidas, sobresale la insuficiencia de la duraci\u00f3n de las carreras de formaci\u00f3n docente. En este sentido, este organismo nacional promueve una formaci\u00f3n docente de cuatro a\u00f1os de duraci\u00f3n con una clara articulaci\u00f3n entre la teor\u00eda y la pr\u00e1ctica promoviendo la formaci\u00f3n continua y la investigaci\u00f3n sobre las propias pr\u00e1cticas.<\/p>\n\n\n\n<p><\/p>\n<\/div><\/div>\n","protected":false},"excerpt":{"rendered":"<p>As\u00ed comenzamos: A comienzos del a\u00f1o 1974, seg\u00fan Resoluci\u00f3n del CPE N\u00ba 2158, se acuerda dar un curso de formaci\u00f3n docente para la educaci\u00f3n diferenciada a nivel terciario, sent\u00e1ndose las bases para la creaci\u00f3n en 1975 de una carrera para la formaci\u00f3n docente en Educaci\u00f3n Especial. Posteriormente durante el a\u00f1o 1979 se conforma el&nbsp; Instituto &#8230; <a title=\"Historia\" class=\"read-more\" href=\"https:\/\/ifd4-nqn.infd.edu.ar\/sitio\/historia\/\" aria-label=\"More on Historia\">[+]<\/a><\/p>\n","protected":false},"author":480,"featured_media":0,"parent":0,"menu_order":0,"comment_status":"closed","ping_status":"closed","template":"","meta":[],"acf":[],"_links":{"self":[{"href":"https:\/\/ifd4-nqn.infd.edu.ar\/sitio\/wp-json\/wp\/v2\/pages\/1121"}],"collection":[{"href":"https:\/\/ifd4-nqn.infd.edu.ar\/sitio\/wp-json\/wp\/v2\/pages"}],"about":[{"href":"https:\/\/ifd4-nqn.infd.edu.ar\/sitio\/wp-json\/wp\/v2\/types\/page"}],"author":[{"embeddable":true,"href":"https:\/\/ifd4-nqn.infd.edu.ar\/sitio\/wp-json\/wp\/v2\/users\/480"}],"replies":[{"embeddable":true,"href":"https:\/\/ifd4-nqn.infd.edu.ar\/sitio\/wp-json\/wp\/v2\/comments?post=1121"}],"version-history":[{"count":9,"href":"https:\/\/ifd4-nqn.infd.edu.ar\/sitio\/wp-json\/wp\/v2\/pages\/1121\/revisions"}],"predecessor-version":[{"id":1594,"href":"https:\/\/ifd4-nqn.infd.edu.ar\/sitio\/wp-json\/wp\/v2\/pages\/1121\/revisions\/1594"}],"wp:attachment":[{"href":"https:\/\/ifd4-nqn.infd.edu.ar\/sitio\/wp-json\/wp\/v2\/media?parent=1121"}],"curies":[{"name":"wp","href":"https:\/\/api.w.org\/{rel}","templated":true}]}}