{"id":1614,"date":"2021-11-15T11:07:20","date_gmt":"2021-11-15T14:07:20","guid":{"rendered":"https:\/\/ifd4-nqn.infd.edu.ar\/sitio\/?page_id=1614"},"modified":"2026-02-10T09:31:16","modified_gmt":"2026-02-10T12:31:16","slug":"ingresantes-2024","status":"publish","type":"page","link":"https:\/\/ifd4-nqn.infd.edu.ar\/sitio\/ingresantes-2024\/","title":{"rendered":"Inscripciones 2026"},"content":{"rendered":"\n<p class=\"has-text-align-center\"><\/p>\n\n\n\n<p class=\"has-text-align-center\">\u00a1Tenemos cuatro carreras de Educaci\u00f3n Especial!<\/p>\n\n\n\n<p><strong>Fechas de inscripci\u00f3n a Primer a\u00f1o<\/strong>: del 10 de Febrero  al 06 de Marzo de 2026.<\/p>\n\n\n\n<p><\/p>\n\n\n\n<p><strong>IMPORTANTE: La inscripci\u00f3n ser\u00e1 definitiva cuando entreguen en formato papel la documentaci\u00f3n COMPLETA y se devuelva una constancia de inscripci\u00f3n firmada y sellada por la Instituci\u00f3n.<\/strong><\/p>\n\n\n\n<p><strong>DATOS IMPORTANTES.&nbsp; LEER<\/strong><\/p>\n\n\n\n<p>ORIENTACI\u00d3N: Es el plan de estudios<\/p>\n\n\n\n<p><strong>Plan<\/strong> <strong>669<\/strong>: Profesorado de Educaci\u00f3n Especial con Orientaci\u00f3n en Ciegos y Disminuidos Visuales.<\/p>\n\n\n\n<p><strong>Plan<\/strong> <strong>670<\/strong>: Profesorado de Educaci\u00f3n Especial con Orientaci\u00f3n en Discapacidad Intelectual.<\/p>\n\n\n\n<p><strong>Plan<\/strong> <strong>671<\/strong>: Profesorado de Educaci\u00f3n Especial con Orientaci\u00f3n en Discapacidad Neuromotora.<\/p>\n\n\n\n<p><strong>Plan<\/strong> <strong>672<\/strong>: Profesorado de Educaci\u00f3n Especial con Orientaci\u00f3n en Sordos e Hipoac\u00fasicos.<\/p>\n\n\n\n<p>DOCUMENTACI\u00d3N REQUERIDA: fotocopia autenticada o para autenticar.<\/p>\n\n\n\n<ul>\n<li>T\u00edtulo \/ Anal\u00edtico secundario o constancia de t\u00edtulo en tr\u00e1mite.<\/li>\n\n\n\n<li>En caso de no tener el T\u00edtulo, Constancia de certificado de t\u00edtulo&nbsp;en tr\u00e1mite.<\/li>\n\n\n\n<li>Si adeudas materias, constancia de finalizaci\u00f3n de estudios.<\/li>\n\n\n\n<li>Partida\/acta de Nacimiento.<\/li>\n\n\n\n<li>DNI (frente y dorso). <\/li>\n\n\n\n<li>1 carpeta colgante oficio<\/li>\n\n\n\n<li>1 folio oficio<\/li>\n\n\n\n<li>Adjuntar la planilla de inscripci\u00f3n que la encontr\u00e1s al final del formulario<\/li>\n\n\n\n<li>2 Foto carnet.<\/li>\n<\/ul>\n\n\n\n<p><strong><a href=\"https:\/\/forms.gle\/3AzTutJb5N1vsH1w8\">Formulario de inscripci\u00f3n<\/a><\/strong><\/p>\n\n\n\n<p>Para recepci\u00f3n de documentaci\u00f3n, te esperamos de<strong> 8:00 a 12:00 hs en el Turno ma\u00f1ana<\/strong> y de<strong> 17:30 a 21:30 hs en el Turno Vespertino<\/strong>.<\/p>\n\n\n\n<p>Consultas a <strong>299-4422872<\/strong>, <a rel=\"noreferrer noopener\" href=\"mailto:preceptoriadelifd4@gmail.com\" target=\"_blank\">preceptoriadelifd4@gmail.com<\/a>, <a rel=\"noreferrer noopener\" href=\"mailto:isfd4nqn@gmail.com\" target=\"_blank\">isfd4nqn@gmail.com<\/a>. o acercate a Perito Moreno N\u00b0 354, 3er piso, Nqn.<\/p>\n","protected":false},"excerpt":{"rendered":"<p>\u00a1Tenemos cuatro carreras de Educaci\u00f3n Especial! Fechas de inscripci\u00f3n a Primer a\u00f1o: del 10 de Febrero al 06 de Marzo de 2026. IMPORTANTE: La inscripci\u00f3n ser\u00e1 definitiva cuando entreguen en formato papel la documentaci\u00f3n COMPLETA y se devuelva una constancia de inscripci\u00f3n firmada y sellada por la Instituci\u00f3n. DATOS IMPORTANTES.&nbsp; LEER ORIENTACI\u00d3N: Es el plan &#8230; <a title=\"Inscripciones 2026\" class=\"read-more\" href=\"https:\/\/ifd4-nqn.infd.edu.ar\/sitio\/ingresantes-2024\/\" aria-label=\"More on Inscripciones 2026\">[+]<\/a><\/p>\n","protected":false},"author":2087,"featured_media":0,"parent":0,"menu_order":0,"comment_status":"closed","ping_status":"closed","template":"","meta":[],"acf":[],"_links":{"self":[{"href":"https:\/\/ifd4-nqn.infd.edu.ar\/sitio\/wp-json\/wp\/v2\/pages\/1614"}],"collection":[{"href":"https:\/\/ifd4-nqn.infd.edu.ar\/sitio\/wp-json\/wp\/v2\/pages"}],"about":[{"href":"https:\/\/ifd4-nqn.infd.edu.ar\/sitio\/wp-json\/wp\/v2\/types\/page"}],"author":[{"embeddable":true,"href":"https:\/\/ifd4-nqn.infd.edu.ar\/sitio\/wp-json\/wp\/v2\/users\/2087"}],"replies":[{"embeddable":true,"href":"https:\/\/ifd4-nqn.infd.edu.ar\/sitio\/wp-json\/wp\/v2\/comments?post=1614"}],"version-history":[{"count":57,"href":"https:\/\/ifd4-nqn.infd.edu.ar\/sitio\/wp-json\/wp\/v2\/pages\/1614\/revisions"}],"predecessor-version":[{"id":1977,"href":"https:\/\/ifd4-nqn.infd.edu.ar\/sitio\/wp-json\/wp\/v2\/pages\/1614\/revisions\/1977"}],"wp:attachment":[{"href":"https:\/\/ifd4-nqn.infd.edu.ar\/sitio\/wp-json\/wp\/v2\/media?parent=1614"}],"curies":[{"name":"wp","href":"https:\/\/api.w.org\/{rel}","templated":true}]}}