{"id":1834,"date":"2024-11-29T13:15:56","date_gmt":"2024-11-29T16:15:56","guid":{"rendered":"https:\/\/ifd4-nqn.infd.edu.ar\/sitio\/?page_id=1834"},"modified":"2026-02-10T10:09:31","modified_gmt":"2026-02-10T13:09:31","slug":"equivalencias","status":"publish","type":"page","link":"https:\/\/ifd4-nqn.infd.edu.ar\/sitio\/equivalencias\/","title":{"rendered":"Equivalencias"},"content":{"rendered":"\n<p><strong>\u00bfC\u00f3mo y cu\u00e1ndo realizar el tr\u00e1mite?<\/strong><\/p>\n\n\n\n<p>Los per\u00edodos de equivalencias son en los meses de Abril y Agosto (seg\u00fan lo establece el CES cada a\u00f1o). Importante; debes estar inscripto en alguna de nuestras carreras para poder iniciar el tr\u00e1mite. Record\u00e1, siempre hay que consultar las fechas exactas en las que se recibe documentaci\u00f3n para las solicitudes.<\/p>\n\n\n\n<p>Para saber m\u00e1s sobre este tr\u00e1mite te invitamos a leer la reglamentaci\u00f3n vigente en el siguiente enlace: <a rel=\"noreferrer noopener\" href=\"https:\/\/drive.google.com\/file\/d\/1otaBGRs8xtExvRTA1CIRLaZL04K0JZ7J\/view?usp=drive_link\" target=\"_blank\">https:\/\/drive.google.com\/file\/d\/1otaBGRs8xtExvRTA1CIRLaZL04K0JZ7J\/view?usp=drive_link<\/a><\/p>\n\n\n\n<p>Hace clic <a href=\"https:\/\/drive.google.com\/file\/d\/1-eS0E9psIeUI0VciydGqnsm_9V_lF92g\/view?usp=drive_link\">ac\u00e1<\/a> para descargar la nota de solicitud de equivalencias<\/p>\n\n\n\n<p><\/p>\n","protected":false},"excerpt":{"rendered":"<p>\u00bfC\u00f3mo y cu\u00e1ndo realizar el tr\u00e1mite? Los per\u00edodos de equivalencias son en los meses de Abril y Agosto (seg\u00fan lo establece el CES cada a\u00f1o). Importante; debes estar inscripto en alguna de nuestras carreras para poder iniciar el tr\u00e1mite. Record\u00e1, siempre hay que consultar las fechas exactas en las que se recibe documentaci\u00f3n para las &#8230; <a title=\"Equivalencias\" class=\"read-more\" href=\"https:\/\/ifd4-nqn.infd.edu.ar\/sitio\/equivalencias\/\" aria-label=\"More on Equivalencias\">[+]<\/a><\/p>\n","protected":false},"author":2087,"featured_media":0,"parent":0,"menu_order":0,"comment_status":"closed","ping_status":"closed","template":"","meta":[],"acf":[],"_links":{"self":[{"href":"https:\/\/ifd4-nqn.infd.edu.ar\/sitio\/wp-json\/wp\/v2\/pages\/1834"}],"collection":[{"href":"https:\/\/ifd4-nqn.infd.edu.ar\/sitio\/wp-json\/wp\/v2\/pages"}],"about":[{"href":"https:\/\/ifd4-nqn.infd.edu.ar\/sitio\/wp-json\/wp\/v2\/types\/page"}],"author":[{"embeddable":true,"href":"https:\/\/ifd4-nqn.infd.edu.ar\/sitio\/wp-json\/wp\/v2\/users\/2087"}],"replies":[{"embeddable":true,"href":"https:\/\/ifd4-nqn.infd.edu.ar\/sitio\/wp-json\/wp\/v2\/comments?post=1834"}],"version-history":[{"count":7,"href":"https:\/\/ifd4-nqn.infd.edu.ar\/sitio\/wp-json\/wp\/v2\/pages\/1834\/revisions"}],"predecessor-version":[{"id":1978,"href":"https:\/\/ifd4-nqn.infd.edu.ar\/sitio\/wp-json\/wp\/v2\/pages\/1834\/revisions\/1978"}],"wp:attachment":[{"href":"https:\/\/ifd4-nqn.infd.edu.ar\/sitio\/wp-json\/wp\/v2\/media?parent=1834"}],"curies":[{"name":"wp","href":"https:\/\/api.w.org\/{rel}","templated":true}]}}