{"id":286,"date":"2022-11-17T19:39:00","date_gmt":"2022-11-17T22:39:00","guid":{"rendered":"https:\/\/ifd4-nqn.infd.edu.ar\/sitio\/?page_id=286"},"modified":"2026-02-10T18:30:34","modified_gmt":"2026-02-10T21:30:34","slug":"inicio","status":"publish","type":"page","link":"https:\/\/ifd4-nqn.infd.edu.ar\/sitio\/","title":{"rendered":"Inicio"},"content":{"rendered":"<p><img decoding=\"async\" loading=\"lazy\" class=\"alignnone size-medium wp-image-1979\" src=\"https:\/\/ifd4-nqn.infd.edu.ar\/sitio\/wp-content\/uploads\/2026\/02\/Flyer-Regreso-a-Clases-Moderno-Azul-y-Amarillo-707x1000.png\" alt=\"\" width=\"707\" height=\"1000\" srcset=\"https:\/\/ifd4-nqn.infd.edu.ar\/sitio\/wp-content\/uploads\/2026\/02\/Flyer-Regreso-a-Clases-Moderno-Azul-y-Amarillo-707x1000.png 707w, https:\/\/ifd4-nqn.infd.edu.ar\/sitio\/wp-content\/uploads\/2026\/02\/Flyer-Regreso-a-Clases-Moderno-Azul-y-Amarillo-1343x1900.png 1343w, https:\/\/ifd4-nqn.infd.edu.ar\/sitio\/wp-content\/uploads\/2026\/02\/Flyer-Regreso-a-Clases-Moderno-Azul-y-Amarillo-768x1086.png 768w, https:\/\/ifd4-nqn.infd.edu.ar\/sitio\/wp-content\/uploads\/2026\/02\/Flyer-Regreso-a-Clases-Moderno-Azul-y-Amarillo-1086x1536.png 1086w, https:\/\/ifd4-nqn.infd.edu.ar\/sitio\/wp-content\/uploads\/2026\/02\/Flyer-Regreso-a-Clases-Moderno-Azul-y-Amarillo.png 1414w\" sizes=\"(max-width: 707px) 100vw, 707px\" \/><\/p>\n<div  class=\"lgc-column lgc-grid-parent lgc-grid-50 lgc-tablet-grid-50 lgc-mobile-grid-100 lgc-equal-heights \"><div  class=\"inside-grid-column\">Este Instituto Superior de Formaci\u00f3n Docente forma parte del sistema de educaci\u00f3n p\u00fablica de gesti\u00f3n estatal.\n<p>La modalidad del sistema educativo que caracteriza a nuestra instituci\u00f3n es la de Educaci\u00f3n Especial. As\u00ed, las carreras que podr\u00e1s estudiar en este ISFD son las de Profesor\/a en Educaci\u00f3n Especial con alguna de las siguientes orientaciones:<\/p>\n<p><span style=\"color: #800080;\"><strong> Discapacidad Intelectual <\/strong><\/span><\/p>\n<p><span style=\"color: #800080;\"><strong>Sordos e Hipoac\u00fasicos <\/strong><\/span><\/p>\n<p><span style=\"color: #800080;\"><strong>Ciegos y Disminuidos Visuales <\/strong><\/span><\/p>\n<p><span style=\"color: #800080;\"><strong>Discapacidad Neuromotora <\/strong><\/span><\/p>\n<p>Son carreras de GRADO y de CUATRO A\u00d1OS de duraci\u00f3n, donde la modalidad de cursado es PRESENCIAL.<\/p>\n<p>A trav\u00e9s de este sitio, nuestro Instituto podr\u00e1 comunicar novedades, acercar informaci\u00f3n, compartir experiencias y brindar apoyo y asesoramiento a estudiantes, docentes e interesados en formar parte de esta comunidad educativa.<\/p>\n<p>Si quer\u00e9s formar parte de esta comunidad educativa, pod\u00e9s acercarte para despejar dudas y obtener m\u00e1s informaci\u00f3n.<\/p>\n<p>Junto con varios cientos de Institutos, integramos la Red Virtual de Institutos Superiores de Formaci\u00f3n Docente coordinada por el INFoD (Instituto Nacional de Formaci\u00f3n Docente) dependiente del Ministerio de Educaci\u00f3n de la Naci\u00f3n Argentina.<\/p><\/div><\/div><img decoding=\"async\" loading=\"lazy\" class=\"alignnone size-medium wp-image-1924\" src=\"https:\/\/ifd4-nqn.infd.edu.ar\/sitio\/wp-content\/uploads\/2025\/10\/WhatsApp-Image-2025-10-01-at-19.57.46-400x1000.jpeg\" alt=\"\" width=\"400\" height=\"1000\" srcset=\"https:\/\/ifd4-nqn.infd.edu.ar\/sitio\/wp-content\/uploads\/2025\/10\/WhatsApp-Image-2025-10-01-at-19.57.46-400x1000.jpeg 400w, https:\/\/ifd4-nqn.infd.edu.ar\/sitio\/wp-content\/uploads\/2025\/10\/WhatsApp-Image-2025-10-01-at-19.57.46-614x1536.jpeg 614w, https:\/\/ifd4-nqn.infd.edu.ar\/sitio\/wp-content\/uploads\/2025\/10\/WhatsApp-Image-2025-10-01-at-19.57.46.jpeg 640w\" sizes=\"(max-width: 400px) 100vw, 400px\" \/><\/p>\n<p>&nbsp;<\/p>\n","protected":false},"excerpt":{"rendered":"<p>&nbsp;<\/p>\n","protected":false},"author":205,"featured_media":0,"parent":1051,"menu_order":0,"comment_status":"open","ping_status":"closed","template":"","meta":[],"acf":[],"_links":{"self":[{"href":"https:\/\/ifd4-nqn.infd.edu.ar\/sitio\/wp-json\/wp\/v2\/pages\/286"}],"collection":[{"href":"https:\/\/ifd4-nqn.infd.edu.ar\/sitio\/wp-json\/wp\/v2\/pages"}],"about":[{"href":"https:\/\/ifd4-nqn.infd.edu.ar\/sitio\/wp-json\/wp\/v2\/types\/page"}],"author":[{"embeddable":true,"href":"https:\/\/ifd4-nqn.infd.edu.ar\/sitio\/wp-json\/wp\/v2\/users\/205"}],"replies":[{"embeddable":true,"href":"https:\/\/ifd4-nqn.infd.edu.ar\/sitio\/wp-json\/wp\/v2\/comments?post=286"}],"version-history":[{"count":219,"href":"https:\/\/ifd4-nqn.infd.edu.ar\/sitio\/wp-json\/wp\/v2\/pages\/286\/revisions"}],"predecessor-version":[{"id":1991,"href":"https:\/\/ifd4-nqn.infd.edu.ar\/sitio\/wp-json\/wp\/v2\/pages\/286\/revisions\/1991"}],"up":[{"embeddable":true,"href":"https:\/\/ifd4-nqn.infd.edu.ar\/sitio\/wp-json\/wp\/v2\/pages\/1051"}],"wp:attachment":[{"href":"https:\/\/ifd4-nqn.infd.edu.ar\/sitio\/wp-json\/wp\/v2\/media?parent=286"}],"curies":[{"name":"wp","href":"https:\/\/api.w.org\/{rel}","templated":true}]}}